{"id":1928,"date":"2022-09-21T21:50:40","date_gmt":"2022-09-21T19:50:40","guid":{"rendered":"http:\/\/r45.in.rs\/?page_id=1928"},"modified":"2024-02-06T22:40:41","modified_gmt":"2024-02-06T20:40:41","slug":"galerija","status":"publish","type":"page","link":"http:\/\/r45.in.rs\/index.php\/galerija\/","title":{"rendered":"Galerija"},"content":{"rendered":"<style>\/*! elementor - v3.19.0 - 05-02-2024 *\/\n.elementor-widget-image{text-align:center}.elementor-widget-image a{display:inline-block}.elementor-widget-image a img[src$=\".svg\"]{width:48px}.elementor-widget-image img{vertical-align:middle;display:inline-block}<\/style>\n<p>\t\t\t\t\t\t\t\t\t\t<img loading=\"lazy\" decoding=\"async\" width=\"1024\" height=\"766\" src=\"http:\/\/r45.in.rs\/wp-content\/uploads\/2022\/09\/IMG_20220921_102746-1024x766.jpg\" alt=\"\" srcset=\"http:\/\/r45.in.rs\/wp-content\/uploads\/2022\/09\/IMG_20220921_102746-1024x766.jpg 1024w, http:\/\/r45.in.rs\/wp-content\/uploads\/2022\/09\/IMG_20220921_102746-300x225.jpg 300w, http:\/\/r45.in.rs\/wp-content\/uploads\/2022\/09\/IMG_20220921_102746-768x575.jpg 768w, http:\/\/r45.in.rs\/wp-content\/uploads\/2022\/09\/IMG_20220921_102746-1536x1150.jpg 1536w, http:\/\/r45.in.rs\/wp-content\/uploads\/2022\/09\/IMG_20220921_102746-2048x1533.jpg 2048w\" sizes=\"auto, (max-width: 1024px) 100vw, 1024px\" \/><br \/>\n\t\t\t\t\t\t\t\t\t\t\t\t\t<img loading=\"lazy\" decoding=\"async\" width=\"1024\" height=\"948\" src=\"http:\/\/r45.in.rs\/wp-content\/uploads\/2022\/09\/Manojlovic-Markovic-Antonijevic-1024x948.jpg\" alt=\"\" srcset=\"http:\/\/r45.in.rs\/wp-content\/uploads\/2022\/09\/Manojlovic-Markovic-Antonijevic-1024x948.jpg 1024w, http:\/\/r45.in.rs\/wp-content\/uploads\/2022\/09\/Manojlovic-Markovic-Antonijevic-300x278.jpg 300w, http:\/\/r45.in.rs\/wp-content\/uploads\/2022\/09\/Manojlovic-Markovic-Antonijevic-768x711.jpg 768w, http:\/\/r45.in.rs\/wp-content\/uploads\/2022\/09\/Manojlovic-Markovic-Antonijevic.jpg 1141w\" sizes=\"auto, (max-width: 1024px) 100vw, 1024px\" \/>\t\t\t\t\t\t\t\t\t\t\t\t\t<\/p>\n<p>Predrag Gridin, Zoran Manojlovi\u0107. 21.09.2022.<\/p>\n<p>Manojlovi\u0107, Antonijevi\u0107, Markovi\u0107. PUB Tramvaj kod Vuka.<\/p>\n<p>\t\t\t\t\t\t\t\t\t\t\t\t\t<img loading=\"lazy\" decoding=\"async\" width=\"765\" height=\"1024\" src=\"http:\/\/r45.in.rs\/wp-content\/uploads\/2022\/09\/viber_image_2022-09-22_09-30-40-765x1024.jpg\" alt=\"\" srcset=\"http:\/\/r45.in.rs\/wp-content\/uploads\/2022\/09\/viber_image_2022-09-22_09-30-40-765x1024.jpg 765w, http:\/\/r45.in.rs\/wp-content\/uploads\/2022\/09\/viber_image_2022-09-22_09-30-40-224x300.jpg 224w, http:\/\/r45.in.rs\/wp-content\/uploads\/2022\/09\/viber_image_2022-09-22_09-30-40-768x1028.jpg 768w, http:\/\/r45.in.rs\/wp-content\/uploads\/2022\/09\/viber_image_2022-09-22_09-30-40-1147x1536.jpg 1147w, http:\/\/r45.in.rs\/wp-content\/uploads\/2022\/09\/viber_image_2022-09-22_09-30-40.jpg 1195w\" sizes=\"auto, (max-width: 765px) 100vw, 765px\" \/><br \/>\n\t\t\t\t\t\t\t\t\t\t\t\t\t<img loading=\"lazy\" decoding=\"async\" width=\"768\" height=\"1024\" src=\"http:\/\/r45.in.rs\/wp-content\/uploads\/2022\/09\/viber_image_2022-09-22_10-32-37-768x1024.jpg\" alt=\"\" srcset=\"http:\/\/r45.in.rs\/wp-content\/uploads\/2022\/09\/viber_image_2022-09-22_10-32-37-768x1024.jpg 768w, http:\/\/r45.in.rs\/wp-content\/uploads\/2022\/09\/viber_image_2022-09-22_10-32-37-225x300.jpg 225w, http:\/\/r45.in.rs\/wp-content\/uploads\/2022\/09\/viber_image_2022-09-22_10-32-37-1152x1536.jpg 1152w, http:\/\/r45.in.rs\/wp-content\/uploads\/2022\/09\/viber_image_2022-09-22_10-32-37.jpg 1350w\" sizes=\"auto, (max-width: 768px) 100vw, 768px\" \/><br \/>\n\t\t\t\t\t\t\t\t\t\t\t\t\t<img loading=\"lazy\" decoding=\"async\" width=\"1024\" height=\"768\" src=\"http:\/\/r45.in.rs\/wp-content\/uploads\/2022\/09\/viber_image_2022-09-22_10-50-45-1024x768.jpg\" alt=\"\" srcset=\"http:\/\/r45.in.rs\/wp-content\/uploads\/2022\/09\/viber_image_2022-09-22_10-50-45-1024x768.jpg 1024w, http:\/\/r45.in.rs\/wp-content\/uploads\/2022\/09\/viber_image_2022-09-22_10-50-45-300x225.jpg 300w, http:\/\/r45.in.rs\/wp-content\/uploads\/2022\/09\/viber_image_2022-09-22_10-50-45-768x576.jpg 768w, http:\/\/r45.in.rs\/wp-content\/uploads\/2022\/09\/viber_image_2022-09-22_10-50-45.jpg 1280w\" sizes=\"auto, (max-width: 1024px) 100vw, 1024px\" \/><br \/>\n\t\t\t\t\t\t\t\t\t\t\t\t\t<img loading=\"lazy\" decoding=\"async\" width=\"768\" height=\"1024\" src=\"http:\/\/r45.in.rs\/wp-content\/uploads\/2022\/09\/viber_image_2022-09-22_15-05-02-768x1024.jpg\" alt=\"\" srcset=\"http:\/\/r45.in.rs\/wp-content\/uploads\/2022\/09\/viber_image_2022-09-22_15-05-02-768x1024.jpg 768w, http:\/\/r45.in.rs\/wp-content\/uploads\/2022\/09\/viber_image_2022-09-22_15-05-02-225x300.jpg 225w, http:\/\/r45.in.rs\/wp-content\/uploads\/2022\/09\/viber_image_2022-09-22_15-05-02-1152x1536.jpg 1152w, http:\/\/r45.in.rs\/wp-content\/uploads\/2022\/09\/viber_image_2022-09-22_15-05-02.jpg 1200w\" sizes=\"auto, (max-width: 768px) 100vw, 768px\" \/><br \/>\n\t\t\t\t\t\t\t\t\t\t\t\t\t<img loading=\"lazy\" decoding=\"async\" width=\"1024\" height=\"549\" src=\"http:\/\/r45.in.rs\/wp-content\/uploads\/2022\/09\/viber_image_2022-09-22_15-15-31-1024x549.jpg\" alt=\"\" srcset=\"http:\/\/r45.in.rs\/wp-content\/uploads\/2022\/09\/viber_image_2022-09-22_15-15-31-1024x549.jpg 1024w, http:\/\/r45.in.rs\/wp-content\/uploads\/2022\/09\/viber_image_2022-09-22_15-15-31-300x161.jpg 300w, http:\/\/r45.in.rs\/wp-content\/uploads\/2022\/09\/viber_image_2022-09-22_15-15-31-768x412.jpg 768w, http:\/\/r45.in.rs\/wp-content\/uploads\/2022\/09\/viber_image_2022-09-22_15-15-31-1536x824.jpg 1536w, http:\/\/r45.in.rs\/wp-content\/uploads\/2022\/09\/viber_image_2022-09-22_15-15-31-rotated.jpg 1600w\" sizes=\"auto, (max-width: 1024px) 100vw, 1024px\" \/><br \/>\n\t\t\t\t\t\t\t\t\t\t\t\t\t<img loading=\"lazy\" decoding=\"async\" width=\"768\" height=\"1024\" src=\"http:\/\/r45.in.rs\/wp-content\/uploads\/2022\/09\/viber_image_2022-09-22_17-33-35-768x1024.jpg\" alt=\"\" srcset=\"http:\/\/r45.in.rs\/wp-content\/uploads\/2022\/09\/viber_image_2022-09-22_17-33-35-768x1024.jpg 768w, http:\/\/r45.in.rs\/wp-content\/uploads\/2022\/09\/viber_image_2022-09-22_17-33-35-225x300.jpg 225w, http:\/\/r45.in.rs\/wp-content\/uploads\/2022\/09\/viber_image_2022-09-22_17-33-35-1152x1536.jpg 1152w, http:\/\/r45.in.rs\/wp-content\/uploads\/2022\/09\/viber_image_2022-09-22_17-33-35.jpg 1200w\" sizes=\"auto, (max-width: 768px) 100vw, 768px\" \/><br \/>\n\t\t\t\t\t\t\t\t\t\t\t\t\t<img loading=\"lazy\" decoding=\"async\" width=\"1024\" height=\"766\" src=\"http:\/\/r45.in.rs\/wp-content\/uploads\/2022\/11\/IMG_20221020_122405-1024x766.jpg\" alt=\"\" srcset=\"http:\/\/r45.in.rs\/wp-content\/uploads\/2022\/11\/IMG_20221020_122405-1024x766.jpg 1024w, http:\/\/r45.in.rs\/wp-content\/uploads\/2022\/11\/IMG_20221020_122405-300x225.jpg 300w, http:\/\/r45.in.rs\/wp-content\/uploads\/2022\/11\/IMG_20221020_122405-768x575.jpg 768w, http:\/\/r45.in.rs\/wp-content\/uploads\/2022\/11\/IMG_20221020_122405-1536x1150.jpg 1536w, http:\/\/r45.in.rs\/wp-content\/uploads\/2022\/11\/IMG_20221020_122405-2048x1533.jpg 2048w\" sizes=\"auto, (max-width: 1024px) 100vw, 1024px\" \/><br \/>\n\t\t\t\t\t\t\t\t\t\t\t\t\t<img loading=\"lazy\" decoding=\"async\" width=\"1024\" height=\"576\" src=\"http:\/\/r45.in.rs\/wp-content\/uploads\/2022\/12\/IMG-9a3cc10a26519dfe80365833d56096d7-V-1-1024x576.jpg\" alt=\"\" srcset=\"http:\/\/r45.in.rs\/wp-content\/uploads\/2022\/12\/IMG-9a3cc10a26519dfe80365833d56096d7-V-1-1024x576.jpg 1024w, http:\/\/r45.in.rs\/wp-content\/uploads\/2022\/12\/IMG-9a3cc10a26519dfe80365833d56096d7-V-1-300x169.jpg 300w, http:\/\/r45.in.rs\/wp-content\/uploads\/2022\/12\/IMG-9a3cc10a26519dfe80365833d56096d7-V-1-768x432.jpg 768w, http:\/\/r45.in.rs\/wp-content\/uploads\/2022\/12\/IMG-9a3cc10a26519dfe80365833d56096d7-V-1-1536x864.jpg 1536w, http:\/\/r45.in.rs\/wp-content\/uploads\/2022\/12\/IMG-9a3cc10a26519dfe80365833d56096d7-V-1-2048x1152.jpg 2048w\" sizes=\"auto, (max-width: 1024px) 100vw, 1024px\" \/><br \/>\n\t\t\t\t\t\t\t\t\t\t\t\t\t<img loading=\"lazy\" decoding=\"async\" width=\"768\" height=\"1707\" src=\"http:\/\/r45.in.rs\/wp-content\/uploads\/2022\/12\/IMG_20221010_144524-768x1707.jpg\" alt=\"\" srcset=\"http:\/\/r45.in.rs\/wp-content\/uploads\/2022\/12\/IMG_20221010_144524-768x1707.jpg 768w, http:\/\/r45.in.rs\/wp-content\/uploads\/2022\/12\/IMG_20221010_144524-135x300.jpg 135w, http:\/\/r45.in.rs\/wp-content\/uploads\/2022\/12\/IMG_20221010_144524-461x1024.jpg 461w, http:\/\/r45.in.rs\/wp-content\/uploads\/2022\/12\/IMG_20221010_144524-691x1536.jpg 691w, http:\/\/r45.in.rs\/wp-content\/uploads\/2022\/12\/IMG_20221010_144524-922x2048.jpg 922w, http:\/\/r45.in.rs\/wp-content\/uploads\/2022\/12\/IMG_20221010_144524-scaled.jpg 1152w\" sizes=\"auto, (max-width: 768px) 100vw, 768px\" \/><br \/>\n\t\t\t\t\t\t\t\t\t\t\t\t\t<img loading=\"lazy\" decoding=\"async\" width=\"1024\" height=\"766\" src=\"http:\/\/r45.in.rs\/wp-content\/uploads\/2023\/12\/IMG_20230714_120215-1024x766.jpg\" alt=\"\" srcset=\"http:\/\/r45.in.rs\/wp-content\/uploads\/2023\/12\/IMG_20230714_120215-1024x766.jpg 1024w, http:\/\/r45.in.rs\/wp-content\/uploads\/2023\/12\/IMG_20230714_120215-300x225.jpg 300w, http:\/\/r45.in.rs\/wp-content\/uploads\/2023\/12\/IMG_20230714_120215-768x575.jpg 768w, http:\/\/r45.in.rs\/wp-content\/uploads\/2023\/12\/IMG_20230714_120215-1536x1150.jpg 1536w, http:\/\/r45.in.rs\/wp-content\/uploads\/2023\/12\/IMG_20230714_120215-2048x1533.jpg 2048w\" sizes=\"auto, (max-width: 1024px) 100vw, 1024px\" \/><br \/>\n\t\t\t\t\t\t\t\t\t\t\t\t\t<img loading=\"lazy\" decoding=\"async\" width=\"767\" height=\"1024\" src=\"http:\/\/r45.in.rs\/wp-content\/uploads\/2023\/12\/IMG_20231028_133303-1-767x1024.jpg\" alt=\"\" srcset=\"http:\/\/r45.in.rs\/wp-content\/uploads\/2023\/12\/IMG_20231028_133303-1-767x1024.jpg 767w, http:\/\/r45.in.rs\/wp-content\/uploads\/2023\/12\/IMG_20231028_133303-1-225x300.jpg 225w, http:\/\/r45.in.rs\/wp-content\/uploads\/2023\/12\/IMG_20231028_133303-1.jpg 768w\" sizes=\"auto, (max-width: 767px) 100vw, 767px\" \/><br \/>\n\t\t\t\t\t\t\t\t\t\t\t\t\t<img loading=\"lazy\" decoding=\"async\" width=\"768\" height=\"575\" src=\"http:\/\/r45.in.rs\/wp-content\/uploads\/2024\/02\/IMG_20231203_152710-768x575.jpg\" alt=\"\" srcset=\"http:\/\/r45.in.rs\/wp-content\/uploads\/2024\/02\/IMG_20231203_152710-768x575.jpg 768w, http:\/\/r45.in.rs\/wp-content\/uploads\/2024\/02\/IMG_20231203_152710-300x225.jpg 300w, http:\/\/r45.in.rs\/wp-content\/uploads\/2024\/02\/IMG_20231203_152710-1024x766.jpg 1024w, http:\/\/r45.in.rs\/wp-content\/uploads\/2024\/02\/IMG_20231203_152710-1536x1150.jpg 1536w, http:\/\/r45.in.rs\/wp-content\/uploads\/2024\/02\/IMG_20231203_152710-2048x1533.jpg 2048w\" sizes=\"auto, (max-width: 768px) 100vw, 768px\" \/><br \/>\n\t\t\t\t\t\t\t\t\t\t\t\t\t<img loading=\"lazy\" decoding=\"async\" width=\"1024\" height=\"461\" src=\"http:\/\/r45.in.rs\/wp-content\/uploads\/2024\/02\/IMG_20231203_135631-1024x461.jpg\" alt=\"\" srcset=\"http:\/\/r45.in.rs\/wp-content\/uploads\/2024\/02\/IMG_20231203_135631-1024x461.jpg 1024w, http:\/\/r45.in.rs\/wp-content\/uploads\/2024\/02\/IMG_20231203_135631-300x135.jpg 300w, http:\/\/r45.in.rs\/wp-content\/uploads\/2024\/02\/IMG_20231203_135631-768x346.jpg 768w, http:\/\/r45.in.rs\/wp-content\/uploads\/2024\/02\/IMG_20231203_135631-1536x691.jpg 1536w, http:\/\/r45.in.rs\/wp-content\/uploads\/2024\/02\/IMG_20231203_135631-2048x922.jpg 2048w\" sizes=\"auto, (max-width: 1024px) 100vw, 1024px\" \/><\/p>\n","protected":false},"excerpt":{"rendered":"<p>Predrag Gridin, Zoran Manojlovi\u0107. 21.09.2022. Manojlovi\u0107, Antonijevi\u0107, Markovi\u0107. PUB Tramvaj kod Vuka.<\/p>\n","protected":false},"author":1,"featured_media":0,"parent":0,"menu_order":0,"comment_status":"closed","ping_status":"closed","template":"","meta":{"site-sidebar-layout":"no-sidebar","site-content-layout":"page-builder","ast-site-content-layout":"full-width-container","site-content-style":"unboxed","site-sidebar-style":"unboxed","ast-global-header-display":"","ast-banner-title-visibility":"","ast-main-header-display":"","ast-hfb-above-header-display":"","ast-hfb-below-header-display":"","ast-hfb-mobile-header-display":"","site-post-title":"disabled","ast-breadcrumbs-content":"","ast-featured-img":"disabled","footer-sml-layout":"","theme-transparent-header-meta":"","adv-header-id-meta":"","stick-header-meta":"","header-above-stick-meta":"","header-main-stick-meta":"","header-below-stick-meta":"","astra-migrate-meta-layouts":"set","ast-page-background-enabled":"default","ast-page-background-meta":{"desktop":{"background-color":"var(--ast-global-color-4)","background-image":"","background-repeat":"repeat","background-position":"center center","background-size":"auto","background-attachment":"scroll","background-type":"","background-media":"","overlay-type":"","overlay-color":"","overlay-opacity":"","overlay-gradient":""},"tablet":{"background-color":"","background-image":"","background-repeat":"repeat","background-position":"center center","background-size":"auto","background-attachment":"scroll","background-type":"","background-media":"","overlay-type":"","overlay-color":"","overlay-opacity":"","overlay-gradient":""},"mobile":{"background-color":"","background-image":"","background-repeat":"repeat","background-position":"center center","background-size":"auto","background-attachment":"scroll","background-type":"","background-media":"","overlay-type":"","overlay-color":"","overlay-opacity":"","overlay-gradient":""}},"ast-content-background-meta":{"desktop":{"background-color":"var(--ast-global-color-5)","background-image":"","background-repeat":"repeat","background-position":"center center","background-size":"auto","background-attachment":"scroll","background-type":"","background-media":"","overlay-type":"","overlay-color":"","overlay-opacity":"","overlay-gradient":""},"tablet":{"background-color":"var(--ast-global-color-5)","background-image":"","background-repeat":"repeat","background-position":"center center","background-size":"auto","background-attachment":"scroll","background-type":"","background-media":"","overlay-type":"","overlay-color":"","overlay-opacity":"","overlay-gradient":""},"mobile":{"background-color":"var(--ast-global-color-5)","background-image":"","background-repeat":"repeat","background-position":"center center","background-size":"auto","background-attachment":"scroll","background-type":"","background-media":"","overlay-type":"","overlay-color":"","overlay-opacity":"","overlay-gradient":""}},"footnotes":""},"class_list":["post-1928","page","type-page","status-publish","hentry"],"_links":{"self":[{"href":"http:\/\/r45.in.rs\/index.php\/wp-json\/wp\/v2\/pages\/1928","targetHints":{"allow":["GET"]}}],"collection":[{"href":"http:\/\/r45.in.rs\/index.php\/wp-json\/wp\/v2\/pages"}],"about":[{"href":"http:\/\/r45.in.rs\/index.php\/wp-json\/wp\/v2\/types\/page"}],"author":[{"embeddable":true,"href":"http:\/\/r45.in.rs\/index.php\/wp-json\/wp\/v2\/users\/1"}],"replies":[{"embeddable":true,"href":"http:\/\/r45.in.rs\/index.php\/wp-json\/wp\/v2\/comments?post=1928"}],"version-history":[{"count":47,"href":"http:\/\/r45.in.rs\/index.php\/wp-json\/wp\/v2\/pages\/1928\/revisions"}],"predecessor-version":[{"id":2040,"href":"http:\/\/r45.in.rs\/index.php\/wp-json\/wp\/v2\/pages\/1928\/revisions\/2040"}],"wp:attachment":[{"href":"http:\/\/r45.in.rs\/index.php\/wp-json\/wp\/v2\/media?parent=1928"}],"curies":[{"name":"wp","href":"https:\/\/api.w.org\/{rel}","templated":true}]}}