{"id":1616,"date":"2022-08-21T09:28:41","date_gmt":"2022-08-21T07:28:41","guid":{"rendered":"http:\/\/r45.in.rs\/?page_id=1616"},"modified":"2022-09-22T08:27:19","modified_gmt":"2022-09-22T06:27:19","slug":"predmeti","status":"publish","type":"page","link":"http:\/\/r45.in.rs\/index.php\/predmeti\/","title":{"rendered":"Predmeti"},"content":{"rendered":"<style>\/*! elementor - v3.7.7 - 20-09-2022 *\/\n.elementor-heading-title{padding:0;margin:0;line-height:1}.elementor-widget-heading .elementor-heading-title[class*=elementor-size-]>a{color:inherit;font-size:inherit;line-height:inherit}.elementor-widget-heading .elementor-heading-title.elementor-size-small{font-size:15px}.elementor-widget-heading .elementor-heading-title.elementor-size-medium{font-size:19px}.elementor-widget-heading .elementor-heading-title.elementor-size-large{font-size:29px}.elementor-widget-heading .elementor-heading-title.elementor-size-xl{font-size:39px}.elementor-widget-heading .elementor-heading-title.elementor-size-xxl{font-size:59px}<\/style>\n<h2>R15<\/h2>\n<p>Profesor<\/p>\n<h2>R25<\/h2>\n<p>Profesor<\/p>\n<p>Matematika<\/p>\n<p>Slobodan Bori\u0107<\/p>\n<p>Matematika<\/p>\n<p>Nada Dini\u0107<\/p>\n<p>Srpski jezik<\/p>\n<p>Zora \u010colak<\/p>\n<p>Srpski jezik<\/p>\n<p>Zora \u010colak<\/p>\n<p>Ruski jezik<\/p>\n<p>Olga Gorja\u010dki<\/p>\n<p>Ruski jezik<\/p>\n<p>Olga Gorja\u010dki<\/p>\n<p>Nema\u010dki jezik<\/p>\n<p>Mirka<\/p>\n<p>Nema\u010dki jezik<\/p>\n<p>Mirka<\/p>\n<p>Osnove elektrotehnike<\/p>\n<p>Istorija<\/p>\n<p>Patkica<\/p>\n<p>Tehni\u010dko crtanje sa nacrtnom<\/p>\n<p>Mile Teksas<\/p>\n<p>Ekonomija<\/p>\n<p>Geografija<\/p>\n<p>Ra\u0111enovi\u0107<\/p>\n<p>Umetni\u010dko vaspitanje<\/p>\n<p>Istorija<\/p>\n<p>Patkica<\/p>\n<p>Fizi\u010dko<\/p>\n<p>Mika<\/p>\n<p>Fizi\u010dko vaspitanje<\/p>\n<p>Mika<\/p>\n<p>Mehanika<\/p>\n<p>Golubovi\u0107<\/p>\n<p>Umetni\u010dko vaspitanje<\/p>\n<p>Maja \u0160o\u0161ki\u0107<\/p>\n<p>Elektrotehni\u010dki materijali<\/p>\n<p>Milica Kumanudi<\/p>\n<p>Fizika<\/p>\n<p>Osnove elektrotehnike<\/p>\n<p>Hemija<\/p>\n<p>Tisa<\/p>\n<p>Prakti\u010dna nastava elektri\u010darska<\/p>\n<p>Biologija<\/p>\n<p>Elektri\u010dna merenja sa ve\u017ebama<\/p>\n<p>Mehanika<\/p>\n<p>Golubovi\u0107<\/p>\n<p>Elektronika sa ve\u017ebama<\/p>\n<p>Prakti\u010dna nastava (metalska)<\/p>\n<p>Proizvodni rad sa praksom<\/p>\n<p>Ekonomska geografija<\/p>\n<p>Ra\u0111enovi\u0107<\/p>\n<h2>EA35<\/h2>\n<p>Profesor<\/p>\n<h2>EA45<\/h2>\n<p>Profesor<\/p>\n<p>Matematika<\/p>\n<p>Brka Veselin Brki\u0107<\/p>\n<p>Matematika<\/p>\n<p>Srpski jezik<\/p>\n<p>Zora \u010colak<\/p>\n<p>Srpski jezik<\/p>\n<p>Zora \u010colak<\/p>\n<p>Ruski jezik<\/p>\n<p>Olga Gorja\u010dki<\/p>\n<p>Ruski jezik<\/p>\n<p>Olga Gorja\u010dki<\/p>\n<p>Nema\u010dki jezik<\/p>\n<p>Mirka<\/p>\n<p>Nema\u010dki jezik<\/p>\n<p>Mirka<\/p>\n<p>Fizi\u010dko<\/p>\n<p>Mika<\/p>\n<p>Fizi\u010dko<\/p>\n<p>Mika<\/p>\n<p>Odbrana i za\u0161tita<\/p>\n<p>Voja Top<\/p>\n<p>Radio prijemnici<\/p>\n<p>Babunovi\u0107<\/p>\n<p>Ma\u0161inski elementi<\/p>\n<p>Branko Katalina<\/p>\n<p>Radio predajnici<\/p>\n<p>Petar Novakovi\u0107<\/p>\n<p>Elektri\u010dna merenja sa ve\u017ebama<\/p>\n<p>Televizija sa ve\u017ebama<\/p>\n<p>Miroslav Ka\u0161anski<\/p>\n<p>Elektronika sa ve\u017ebama<\/p>\n<p>Primenjena elektronika<\/p>\n<p>Svetislav Paunovi\u0107<\/p>\n<p>Osnove telekomunikacione tehnike<\/p>\n<p>Nedeljka Radevi\u0107<\/p>\n<p>Odbrana i za\u0161tita<\/p>\n<p>Voja Top<\/p>\n<p>Enciklopedija jake struje<\/p>\n<p>Lepi Mi\u0161a Stankovi\u0107<\/p>\n<p>Organizacija rada sa za\u0161tiom<\/p>\n<p>Elektroakustika<\/p>\n<p>Ru\u017ea Berberski<\/p>\n<p>Telekomunikaciona merenja<\/p>\n<p>Proizvodni rad sa praksom<\/p>\n<p>Proizvodni rad sa praksom<\/p>\n","protected":false},"excerpt":{"rendered":"<p>R15 Profesor R25 Profesor Matematika Slobodan Bori\u0107 Matematika Nada Dini\u0107 Srpski jezik Zora \u010colak Srpski jezik Zora \u010colak Ruski jezik Olga Gorja\u010dki Ruski jezik Olga Gorja\u010dki Nema\u010dki jezik Mirka Nema\u010dki jezik Mirka Osnove elektrotehnike Istorija Patkica Tehni\u010dko crtanje sa nacrtnom Mile Teksas Ekonomija Geografija Ra\u0111enovi\u0107 Umetni\u010dko vaspitanje Istorija Patkica Fizi\u010dko Mika Fizi\u010dko vaspitanje Mika Mehanika [&hellip;]<\/p>\n","protected":false},"author":1,"featured_media":0,"parent":0,"menu_order":0,"comment_status":"closed","ping_status":"closed","template":"","meta":{"site-sidebar-layout":"no-sidebar","site-content-layout":"page-builder","ast-site-content-layout":"","site-content-style":"default","site-sidebar-style":"default","ast-global-header-display":"","ast-banner-title-visibility":"","ast-main-header-display":"","ast-hfb-above-header-display":"","ast-hfb-below-header-display":"","ast-hfb-mobile-header-display":"","site-post-title":"disabled","ast-breadcrumbs-content":"","ast-featured-img":"disabled","footer-sml-layout":"","theme-transparent-header-meta":"","adv-header-id-meta":"","stick-header-meta":"","header-above-stick-meta":"","header-main-stick-meta":"","header-below-stick-meta":"","astra-migrate-meta-layouts":"default","ast-page-background-enabled":"default","ast-page-background-meta":{"desktop":{"background-color":"var(--ast-global-color-4)","background-image":"","background-repeat":"repeat","background-position":"center center","background-size":"auto","background-attachment":"scroll","background-type":"","background-media":"","overlay-type":"","overlay-color":"","overlay-opacity":"","overlay-gradient":""},"tablet":{"background-color":"","background-image":"","background-repeat":"repeat","background-position":"center center","background-size":"auto","background-attachment":"scroll","background-type":"","background-media":"","overlay-type":"","overlay-color":"","overlay-opacity":"","overlay-gradient":""},"mobile":{"background-color":"","background-image":"","background-repeat":"repeat","background-position":"center center","background-size":"auto","background-attachment":"scroll","background-type":"","background-media":"","overlay-type":"","overlay-color":"","overlay-opacity":"","overlay-gradient":""}},"ast-content-background-meta":{"desktop":{"background-color":"var(--ast-global-color-5)","background-image":"","background-repeat":"repeat","background-position":"center center","background-size":"auto","background-attachment":"scroll","background-type":"","background-media":"","overlay-type":"","overlay-color":"","overlay-opacity":"","overlay-gradient":""},"tablet":{"background-color":"var(--ast-global-color-5)","background-image":"","background-repeat":"repeat","background-position":"center center","background-size":"auto","background-attachment":"scroll","background-type":"","background-media":"","overlay-type":"","overlay-color":"","overlay-opacity":"","overlay-gradient":""},"mobile":{"background-color":"var(--ast-global-color-5)","background-image":"","background-repeat":"repeat","background-position":"center center","background-size":"auto","background-attachment":"scroll","background-type":"","background-media":"","overlay-type":"","overlay-color":"","overlay-opacity":"","overlay-gradient":""}},"footnotes":""},"class_list":["post-1616","page","type-page","status-publish","hentry"],"_links":{"self":[{"href":"http:\/\/r45.in.rs\/index.php\/wp-json\/wp\/v2\/pages\/1616","targetHints":{"allow":["GET"]}}],"collection":[{"href":"http:\/\/r45.in.rs\/index.php\/wp-json\/wp\/v2\/pages"}],"about":[{"href":"http:\/\/r45.in.rs\/index.php\/wp-json\/wp\/v2\/types\/page"}],"author":[{"embeddable":true,"href":"http:\/\/r45.in.rs\/index.php\/wp-json\/wp\/v2\/users\/1"}],"replies":[{"embeddable":true,"href":"http:\/\/r45.in.rs\/index.php\/wp-json\/wp\/v2\/comments?post=1616"}],"version-history":[{"count":298,"href":"http:\/\/r45.in.rs\/index.php\/wp-json\/wp\/v2\/pages\/1616\/revisions"}],"predecessor-version":[{"id":1944,"href":"http:\/\/r45.in.rs\/index.php\/wp-json\/wp\/v2\/pages\/1616\/revisions\/1944"}],"wp:attachment":[{"href":"http:\/\/r45.in.rs\/index.php\/wp-json\/wp\/v2\/media?parent=1616"}],"curies":[{"name":"wp","href":"https:\/\/api.w.org\/{rel}","templated":true}]}}