{"id":1318,"date":"2021-11-21T15:14:41","date_gmt":"2021-11-21T15:14:41","guid":{"rendered":"http:\/\/r45.in.rs\/index.php\/services\/"},"modified":"2023-12-01T17:54:37","modified_gmt":"2023-12-01T15:54:37","slug":"services","status":"publish","type":"page","link":"http:\/\/r45.in.rs\/index.php\/services\/","title":{"rendered":"Dnevnik"},"content":{"rendered":"<style>\/*! elementor - v3.16.0 - 17-10-2023 *\/\n.elementor-widget-image{text-align:center}.elementor-widget-image a{display:inline-block}.elementor-widget-image a img[src$=\".svg\"]{width:48px}.elementor-widget-image img{vertical-align:middle;display:inline-block}<\/style>\n<p>\t\t\t\t\t\t\t\t\t\t\t\t<img decoding=\"async\" width=\"611\" height=\"602\" src=\"http:\/\/r45.in.rs\/wp-content\/uploads\/2022\/06\/R45-2.3.jpg\" alt=\"\" loading=\"lazy\" srcset=\"http:\/\/r45.in.rs\/wp-content\/uploads\/2022\/06\/R45-2.3.jpg 611w, http:\/\/r45.in.rs\/wp-content\/uploads\/2022\/06\/R45-2.3-300x296.jpg 300w\" sizes=\"auto, (max-width: 611px) 100vw, 611px\" \/>\t\t\t\t\t\t\t\t\t\t\t\t\t\t\t<\/p>\n<style>\/*! elementor - v3.16.0 - 17-10-2023 *\/\n.elementor-heading-title{padding:0;margin:0;line-height:1}.elementor-widget-heading .elementor-heading-title[class*=elementor-size-]>a{color:inherit;font-size:inherit;line-height:inherit}.elementor-widget-heading .elementor-heading-title.elementor-size-small{font-size:15px}.elementor-widget-heading .elementor-heading-title.elementor-size-medium{font-size:19px}.elementor-widget-heading .elementor-heading-title.elementor-size-large{font-size:29px}.elementor-widget-heading .elementor-heading-title.elementor-size-xl{font-size:39px}.elementor-widget-heading .elementor-heading-title.elementor-size-xxl{font-size:59px}<\/style>\n<h4>Dnevnik odeljenja<\/h4>\n<p><strong>R45<\/strong><\/p>\n<p>Aleksi\u0107 Milan<\/p>\n<p>Antonijevi\u0107 Zoran &#8211; aktivan<\/p>\n<p>Bakalov Nenad &#8211; penzija<\/p>\n<p>Bala\u0107 Mira<\/p>\n<p>Behljulji Zulfikar &#8211; RIP<\/p>\n<p>Bertram Cica<\/p>\n<p>Bobar Mikajlo &#8211; RIP<\/p>\n<p>Bogdanovi\u0107 Panti\u0107 Branka<\/p>\n<p>Bo\u0161njak Rajko &#8211; penzija<\/p>\n<p>Brajovi\u0107 Vesna &#8211; RIP<\/p>\n<p>Vasiljkovi\u0107 Dragan<\/p>\n<p>Veli\u010dkovi\u0107 Jovan<\/p>\n<p>Veselinovi\u0107 Rade<\/p>\n<p>Veckov Marin &#8211; aktivan<\/p>\n<p>Gridin Predrag &#8211; aktivan<\/p>\n<p>Dakovi\u0107 Petar &#8211; penzija<\/p>\n<p>Du\u0161i\u0107 Desimir<\/p>\n<p>\u0110or\u0111evi\u0107 Olivera<\/p>\n<p>\u0110uki\u0107 Veljko &#8211; penzija<\/p>\n<p>Imerovi\u0107 Zoran<\/p>\n<p>Isailovi\u0107 Dragoslav &#8211; penzija<\/p>\n<p>Jani\u0107 Branislav &#8211; penzija<\/p>\n<p>Kapetan Krasoslav &#8211; RIP<\/p>\n<p>Kening Vladimir<\/p>\n<p>Kokir Stevan &#8211; penzija<\/p>\n<p>Krysztof Chistoper<\/p>\n<p>Luki\u0107 Dakovi\u0107 Jelena &#8211; penzija<\/p>\n<p>Manojlovi\u0107 Zoran &#8211;\u00a0 aktivna penzija<\/p>\n<p>Markovi\u0107 Dragan &#8211; aktivan<\/p>\n<p>Nedi\u0107 Du\u0161ko &#8211; aktivan<\/p>\n<p>Pavlovi\u0107 Milo\u0161 &#8211; penzija<\/p>\n<p>Petrovi\u0107 Dragan<\/p>\n<p>Radeti\u0107 Zoran<\/p>\n<p>Radovi\u0107 Zoran<\/p>\n<p>Ra\u0111en Gojko &#8211; penzija<\/p>\n<p>Ra\u0111enovi\u0107 Stojan &#8211; RIP<\/p>\n<p>Sadovski Joca &#8211; aktivna penzija<\/p>\n<p>Stevan\u010devi\u0107 Zoran &#8211; RIP<\/p>\n<p>Stevanovi\u0107 Negovan &#8211; RIP<\/p>\n<p>Stojanovi\u0107 Novica &#8211; RIP<\/p>\n<p>Stoji\u0107 Svetlana &#8211; penzija<\/p>\n<p>Tomi\u0107 Zoran<\/p>\n<p>Coni\u0107 Mali\u0161a &#8211; RIP<\/p>\n<p><strong>Razredne stare\u0161ine:<\/strong><\/p>\n<p>Zora \u010colak<\/p>\n<p>Ljubomir Varga<\/p>\n<p>Nedeljka Radevi\u0107<\/p>\n<p>Petar Novakovi\u0107 &#8211; RIP<\/p>\n<p>\t\t\t\t\t\t\t\t\t\t\t\t\t\t\t<img decoding=\"async\" width=\"928\" height=\"666\" src=\"http:\/\/r45.in.rs\/wp-content\/uploads\/2022\/06\/R45-3.2.jpg\" alt=\"\" loading=\"lazy\" srcset=\"http:\/\/r45.in.rs\/wp-content\/uploads\/2022\/06\/R45-3.2.jpg 928w, http:\/\/r45.in.rs\/wp-content\/uploads\/2022\/06\/R45-3.2-300x215.jpg 300w, http:\/\/r45.in.rs\/wp-content\/uploads\/2022\/06\/R45-3.2-768x551.jpg 768w\" sizes=\"auto, (max-width: 928px) 100vw, 928px\" \/>\t\t\t\t\t\t\t\t\t\t\t\t\t\t\t<\/p>\n<h4>Maturska ekskurzija<br \/>\nLjubljana i Pore\u010d<\/h4>\n<p>Posle posete sajmu tehnike u Ljubljani, produ\u017eili smo preko Diva\u010de u Pore\u010d, u Plavu Lagunu.<\/p>\n<p>\t\t\t\t\t\t\t\t\t\t\t\t\t\t\t<img decoding=\"async\" width=\"933\" height=\"626\" src=\"http:\/\/r45.in.rs\/wp-content\/uploads\/2022\/06\/R45-3.1.jpg\" alt=\"\" loading=\"lazy\" srcset=\"http:\/\/r45.in.rs\/wp-content\/uploads\/2022\/06\/R45-3.1.jpg 933w, http:\/\/r45.in.rs\/wp-content\/uploads\/2022\/06\/R45-3.1-300x201.jpg 300w, http:\/\/r45.in.rs\/wp-content\/uploads\/2022\/06\/R45-3.1-768x515.jpg 768w\" sizes=\"auto, (max-width: 933px) 100vw, 933px\" \/><br \/>\n\t\t\t\t\t\t\t\t\t\t\t\t\t\t\t<img decoding=\"async\" width=\"312\" height=\"434\" src=\"http:\/\/r45.in.rs\/wp-content\/uploads\/2022\/06\/Kokir-2-1.jpg\" alt=\"\" loading=\"lazy\" srcset=\"http:\/\/r45.in.rs\/wp-content\/uploads\/2022\/06\/Kokir-2-1.jpg 312w, http:\/\/r45.in.rs\/wp-content\/uploads\/2022\/06\/Kokir-2-1-216x300.jpg 216w\" sizes=\"auto, (max-width: 312px) 100vw, 312px\" \/><br \/>\n\t\t\t\t\t\t\t\t\t\t\t\t\t\t\t<img decoding=\"async\" width=\"693\" height=\"519\" src=\"http:\/\/r45.in.rs\/wp-content\/uploads\/2022\/06\/Kokir-3.jpg\" alt=\"\" loading=\"lazy\" srcset=\"http:\/\/r45.in.rs\/wp-content\/uploads\/2022\/06\/Kokir-3.jpg 693w, http:\/\/r45.in.rs\/wp-content\/uploads\/2022\/06\/Kokir-3-300x225.jpg 300w\" sizes=\"auto, (max-width: 693px) 100vw, 693px\" \/><br \/>\n\t\t\t\t\t\t\t\t\t\t\t\t\t\t\t<img decoding=\"async\" width=\"405\" height=\"565\" src=\"http:\/\/r45.in.rs\/wp-content\/uploads\/2022\/06\/Kokir-1.jpg\" alt=\"\" loading=\"lazy\" srcset=\"http:\/\/r45.in.rs\/wp-content\/uploads\/2022\/06\/Kokir-1.jpg 405w, http:\/\/r45.in.rs\/wp-content\/uploads\/2022\/06\/Kokir-1-215x300.jpg 215w\" sizes=\"auto, (max-width: 405px) 100vw, 405px\" \/><br \/>\n\t\t\t\t\t\t\t\t\t\t\t\t\t\t\t<img decoding=\"async\" width=\"950\" height=\"668\" src=\"http:\/\/r45.in.rs\/wp-content\/uploads\/2022\/07\/Joca-i-Isa.jpg\" alt=\"\" loading=\"lazy\" srcset=\"http:\/\/r45.in.rs\/wp-content\/uploads\/2022\/07\/Joca-i-Isa.jpg 950w, http:\/\/r45.in.rs\/wp-content\/uploads\/2022\/07\/Joca-i-Isa-300x211.jpg 300w, http:\/\/r45.in.rs\/wp-content\/uploads\/2022\/07\/Joca-i-Isa-768x540.jpg 768w\" sizes=\"auto, (max-width: 950px) 100vw, 950px\" \/><br \/>\n\t\t\t\t\t\t\t\t\t\t\t\t\t\t\t<img decoding=\"async\" width=\"481\" height=\"701\" src=\"http:\/\/r45.in.rs\/wp-content\/uploads\/2022\/07\/R45-4.2.jpg\" alt=\"\" loading=\"lazy\" srcset=\"http:\/\/r45.in.rs\/wp-content\/uploads\/2022\/07\/R45-4.2.jpg 481w, http:\/\/r45.in.rs\/wp-content\/uploads\/2022\/07\/R45-4.2-206x300.jpg 206w\" sizes=\"auto, (max-width: 481px) 100vw, 481px\" \/><br \/>\n\t\t\t\t\t\t\t\t\t\t\t\t\t\t\t<img decoding=\"async\" width=\"492\" height=\"685\" src=\"http:\/\/r45.in.rs\/wp-content\/uploads\/2022\/07\/R45-4.1.jpg\" alt=\"\" loading=\"lazy\" srcset=\"http:\/\/r45.in.rs\/wp-content\/uploads\/2022\/07\/R45-4.1.jpg 492w, http:\/\/r45.in.rs\/wp-content\/uploads\/2022\/07\/R45-4.1-215x300.jpg 215w\" sizes=\"auto, (max-width: 492px) 100vw, 492px\" \/><br \/>\n\t\t\t\t\t\t\t\t\t\t\t\t\t\t\t<img decoding=\"async\" width=\"576\" height=\"1024\" src=\"http:\/\/r45.in.rs\/wp-content\/uploads\/2022\/08\/viber_image_2022-08-01_17-38-13-347-576x1024.jpg\" alt=\"\" loading=\"lazy\" srcset=\"http:\/\/r45.in.rs\/wp-content\/uploads\/2022\/08\/viber_image_2022-08-01_17-38-13-347-576x1024.jpg 576w, http:\/\/r45.in.rs\/wp-content\/uploads\/2022\/08\/viber_image_2022-08-01_17-38-13-347-169x300.jpg 169w, http:\/\/r45.in.rs\/wp-content\/uploads\/2022\/08\/viber_image_2022-08-01_17-38-13-347-768x1365.jpg 768w, http:\/\/r45.in.rs\/wp-content\/uploads\/2022\/08\/viber_image_2022-08-01_17-38-13-347-864x1536.jpg 864w, http:\/\/r45.in.rs\/wp-content\/uploads\/2022\/08\/viber_image_2022-08-01_17-38-13-347.jpg 900w\" sizes=\"auto, (max-width: 576px) 100vw, 576px\" \/><br \/>\n\t\t\t\t\t\t\t\t\t\t\t\t\t\t\t<img decoding=\"async\" width=\"985\" height=\"645\" src=\"http:\/\/r45.in.rs\/wp-content\/uploads\/2022\/09\/viber_image_2022-09-23_13-11-29.jpg\" alt=\"\" loading=\"lazy\" srcset=\"http:\/\/r45.in.rs\/wp-content\/uploads\/2022\/09\/viber_image_2022-09-23_13-11-29.jpg 985w, http:\/\/r45.in.rs\/wp-content\/uploads\/2022\/09\/viber_image_2022-09-23_13-11-29-300x196.jpg 300w, http:\/\/r45.in.rs\/wp-content\/uploads\/2022\/09\/viber_image_2022-09-23_13-11-29-768x503.jpg 768w\" sizes=\"auto, (max-width: 985px) 100vw, 985px\" \/><br \/>\n\t\t\t\t\t\t\t\t\t\t\t\t\t\t\t<img decoding=\"async\" width=\"1024\" height=\"765\" src=\"http:\/\/r45.in.rs\/wp-content\/uploads\/2022\/09\/viber_image_2022-09-23_13-11-29-1-1024x765.jpg\" alt=\"\" loading=\"lazy\" srcset=\"http:\/\/r45.in.rs\/wp-content\/uploads\/2022\/09\/viber_image_2022-09-23_13-11-29-1-1024x765.jpg 1024w, http:\/\/r45.in.rs\/wp-content\/uploads\/2022\/09\/viber_image_2022-09-23_13-11-29-1-300x224.jpg 300w, http:\/\/r45.in.rs\/wp-content\/uploads\/2022\/09\/viber_image_2022-09-23_13-11-29-1-768x574.jpg 768w, http:\/\/r45.in.rs\/wp-content\/uploads\/2022\/09\/viber_image_2022-09-23_13-11-29-1.jpg 1110w\" sizes=\"auto, (max-width: 1024px) 100vw, 1024px\" \/><br \/>\n\t\t\t\t\t\t\t\t\t\t\t\t\t\t\t<img decoding=\"async\" width=\"971\" height=\"702\" src=\"http:\/\/r45.in.rs\/wp-content\/uploads\/2022\/09\/viber_image_2022-09-23_13-11-29-2.jpg\" alt=\"\" loading=\"lazy\" srcset=\"http:\/\/r45.in.rs\/wp-content\/uploads\/2022\/09\/viber_image_2022-09-23_13-11-29-2.jpg 971w, http:\/\/r45.in.rs\/wp-content\/uploads\/2022\/09\/viber_image_2022-09-23_13-11-29-2-300x217.jpg 300w, http:\/\/r45.in.rs\/wp-content\/uploads\/2022\/09\/viber_image_2022-09-23_13-11-29-2-768x555.jpg 768w\" sizes=\"auto, (max-width: 971px) 100vw, 971px\" \/><br \/>\n\t\t\t\t\t\t\t\t\t\t\t\t\t\t\t<img decoding=\"async\" width=\"1024\" height=\"622\" src=\"http:\/\/r45.in.rs\/wp-content\/uploads\/2022\/09\/viber_image_2022-09-23_13-11-29-3-1024x622.jpg\" alt=\"\" loading=\"lazy\" srcset=\"http:\/\/r45.in.rs\/wp-content\/uploads\/2022\/09\/viber_image_2022-09-23_13-11-29-3-1024x622.jpg 1024w, http:\/\/r45.in.rs\/wp-content\/uploads\/2022\/09\/viber_image_2022-09-23_13-11-29-3-300x182.jpg 300w, http:\/\/r45.in.rs\/wp-content\/uploads\/2022\/09\/viber_image_2022-09-23_13-11-29-3-768x466.jpg 768w, http:\/\/r45.in.rs\/wp-content\/uploads\/2022\/09\/viber_image_2022-09-23_13-11-29-3.jpg 1220w\" sizes=\"auto, (max-width: 1024px) 100vw, 1024px\" \/><br \/>\n\t\t\t\t\t\t\t\t\t\t\t\t\t\t\t<img decoding=\"async\" width=\"1024\" height=\"607\" src=\"http:\/\/r45.in.rs\/wp-content\/uploads\/2022\/09\/viber_image_2022-09-23_13-11-30-6-1024x607.jpg\" alt=\"\" loading=\"lazy\" srcset=\"http:\/\/r45.in.rs\/wp-content\/uploads\/2022\/09\/viber_image_2022-09-23_13-11-30-6-1024x607.jpg 1024w, http:\/\/r45.in.rs\/wp-content\/uploads\/2022\/09\/viber_image_2022-09-23_13-11-30-6-300x178.jpg 300w, http:\/\/r45.in.rs\/wp-content\/uploads\/2022\/09\/viber_image_2022-09-23_13-11-30-6-768x455.jpg 768w, http:\/\/r45.in.rs\/wp-content\/uploads\/2022\/09\/viber_image_2022-09-23_13-11-30-6.jpg 1162w\" sizes=\"auto, (max-width: 1024px) 100vw, 1024px\" \/><br \/>\n\t\t\t\t\t\t\t\t\t\t\t\t\t\t\t<img decoding=\"async\" width=\"1024\" height=\"622\" src=\"http:\/\/r45.in.rs\/wp-content\/uploads\/2022\/09\/viber_image_2022-09-23_13-11-29-4-1024x622.jpg\" alt=\"\" loading=\"lazy\" srcset=\"http:\/\/r45.in.rs\/wp-content\/uploads\/2022\/09\/viber_image_2022-09-23_13-11-29-4-1024x622.jpg 1024w, http:\/\/r45.in.rs\/wp-content\/uploads\/2022\/09\/viber_image_2022-09-23_13-11-29-4-300x182.jpg 300w, http:\/\/r45.in.rs\/wp-content\/uploads\/2022\/09\/viber_image_2022-09-23_13-11-29-4-768x467.jpg 768w, http:\/\/r45.in.rs\/wp-content\/uploads\/2022\/09\/viber_image_2022-09-23_13-11-29-4.jpg 1241w\" sizes=\"auto, (max-width: 1024px) 100vw, 1024px\" \/><\/p>\n","protected":false},"excerpt":{"rendered":"<p>Dnevnik odeljenja R45 Aleksi\u0107 Milan Antonijevi\u0107 Zoran &#8211; aktivan Bakalov Nenad &#8211; penzija Bala\u0107 Mira Behljulji Zulfikar &#8211; RIP Bertram Cica Bobar Mikajlo &#8211; RIP Bogdanovi\u0107 Panti\u0107 Branka Bo\u0161njak Rajko &#8211; penzija Brajovi\u0107 Vesna &#8211; RIP Vasiljkovi\u0107 Dragan Veli\u010dkovi\u0107 Jovan Veselinovi\u0107 Rade Veckov Marin &#8211; aktivan Gridin Predrag &#8211; aktivan Dakovi\u0107 Petar &#8211; penzija Du\u0161i\u0107 [&hellip;]<\/p>\n","protected":false},"author":1,"featured_media":0,"parent":0,"menu_order":0,"comment_status":"closed","ping_status":"closed","template":"","meta":{"site-sidebar-layout":"no-sidebar","site-content-layout":"page-builder","ast-site-content-layout":"","site-content-style":"default","site-sidebar-style":"default","ast-global-header-display":"","ast-banner-title-visibility":"","ast-main-header-display":"","ast-hfb-above-header-display":"","ast-hfb-below-header-display":"","ast-hfb-mobile-header-display":"","site-post-title":"disabled","ast-breadcrumbs-content":"","ast-featured-img":"disabled","footer-sml-layout":"","theme-transparent-header-meta":"enabled","adv-header-id-meta":"","stick-header-meta":"","header-above-stick-meta":"","header-main-stick-meta":"","header-below-stick-meta":"","astra-migrate-meta-layouts":"default","ast-page-background-enabled":"default","ast-page-background-meta":{"desktop":{"background-color":"var(--ast-global-color-4)","background-image":"","background-repeat":"repeat","background-position":"center center","background-size":"auto","background-attachment":"scroll","background-type":"","background-media":"","overlay-type":"","overlay-color":"","overlay-opacity":"","overlay-gradient":""},"tablet":{"background-color":"","background-image":"","background-repeat":"repeat","background-position":"center center","background-size":"auto","background-attachment":"scroll","background-type":"","background-media":"","overlay-type":"","overlay-color":"","overlay-opacity":"","overlay-gradient":""},"mobile":{"background-color":"","background-image":"","background-repeat":"repeat","background-position":"center center","background-size":"auto","background-attachment":"scroll","background-type":"","background-media":"","overlay-type":"","overlay-color":"","overlay-opacity":"","overlay-gradient":""}},"ast-content-background-meta":{"desktop":{"background-color":"var(--ast-global-color-5)","background-image":"","background-repeat":"repeat","background-position":"center center","background-size":"auto","background-attachment":"scroll","background-type":"","background-media":"","overlay-type":"","overlay-color":"","overlay-opacity":"","overlay-gradient":""},"tablet":{"background-color":"var(--ast-global-color-5)","background-image":"","background-repeat":"repeat","background-position":"center center","background-size":"auto","background-attachment":"scroll","background-type":"","background-media":"","overlay-type":"","overlay-color":"","overlay-opacity":"","overlay-gradient":""},"mobile":{"background-color":"var(--ast-global-color-5)","background-image":"","background-repeat":"repeat","background-position":"center center","background-size":"auto","background-attachment":"scroll","background-type":"","background-media":"","overlay-type":"","overlay-color":"","overlay-opacity":"","overlay-gradient":""}},"footnotes":""},"class_list":["post-1318","page","type-page","status-publish","hentry"],"_links":{"self":[{"href":"http:\/\/r45.in.rs\/index.php\/wp-json\/wp\/v2\/pages\/1318","targetHints":{"allow":["GET"]}}],"collection":[{"href":"http:\/\/r45.in.rs\/index.php\/wp-json\/wp\/v2\/pages"}],"about":[{"href":"http:\/\/r45.in.rs\/index.php\/wp-json\/wp\/v2\/types\/page"}],"author":[{"embeddable":true,"href":"http:\/\/r45.in.rs\/index.php\/wp-json\/wp\/v2\/users\/1"}],"replies":[{"embeddable":true,"href":"http:\/\/r45.in.rs\/index.php\/wp-json\/wp\/v2\/comments?post=1318"}],"version-history":[{"count":158,"href":"http:\/\/r45.in.rs\/index.php\/wp-json\/wp\/v2\/pages\/1318\/revisions"}],"predecessor-version":[{"id":2017,"href":"http:\/\/r45.in.rs\/index.php\/wp-json\/wp\/v2\/pages\/1318\/revisions\/2017"}],"wp:attachment":[{"href":"http:\/\/r45.in.rs\/index.php\/wp-json\/wp\/v2\/media?parent=1318"}],"curies":[{"name":"wp","href":"https:\/\/api.w.org\/{rel}","templated":true}]}}