{"id":1316,"date":"2021-11-21T15:12:46","date_gmt":"2021-11-21T15:12:46","guid":{"rendered":"http:\/\/r45.in.rs\/index.php\/home\/"},"modified":"2026-01-26T16:21:25","modified_gmt":"2026-01-26T14:21:25","slug":"home","status":"publish","type":"page","link":"http:\/\/r45.in.rs\/","title":{"rendered":"Home"},"content":{"rendered":"<h1>Elektrotehni\u010dka srednja \u0161kola<\/h1>\n<h1>&#8220;NIKOLA TESLA&#8221;<\/h1>\n<p>Odeljenje R45-EA45<br \/>1972-1976<\/p>\n<p>52 godina od upisa<\/p>\n<h2>52 godina od po\u010detka \u0161kolovanja<\/h2>\n<p>\t\t\t\t\t\t\t\t\t\t\t\t\t\t\t<img loading=\"lazy\" decoding=\"async\" width=\"611\" height=\"602\" src=\"http:\/\/r45.in.rs\/wp-content\/uploads\/2022\/06\/R45-2.3.jpg\" alt=\"\" srcset=\"http:\/\/r45.in.rs\/wp-content\/uploads\/2022\/06\/R45-2.3.jpg 611w, http:\/\/r45.in.rs\/wp-content\/uploads\/2022\/06\/R45-2.3-300x296.jpg 300w\" sizes=\"auto, (max-width: 611px) 100vw, 611px\" \/>\t\t\t\t\t\t\t\t\t\t\t\t\t\t\t<\/p>\n<h3>Zavr\u0161etak \u0161kolovanja 1976.<\/h3>\n<p>Fotografija je napravljena u u\u010dionici, bili smo mnogo bu\u010dni pa smo kao &#8220;nagradu dobili&#8221; u\u010dionicu do ulice. <\/p>\n<p>\t\t\t\t\t\t\t\t\t\t\t\t\t\t\t<img loading=\"lazy\" decoding=\"async\" width=\"601\" height=\"584\" src=\"http:\/\/r45.in.rs\/wp-content\/uploads\/2022\/06\/R45-1.2.jpg\" alt=\"\" srcset=\"http:\/\/r45.in.rs\/wp-content\/uploads\/2022\/06\/R45-1.2.jpg 601w, http:\/\/r45.in.rs\/wp-content\/uploads\/2022\/06\/R45-1.2-300x292.jpg 300w\" sizes=\"auto, (max-width: 601px) 100vw, 601px\" \/>\t\t\t\t\t\t\t\t\t\t\t\t\t\t\t<\/p>\n<p>Fotografija je napravljena u parku izme\u0111u stare skup\u0161tine Srbije i \u0161kole.<\/p>\n<p>\t\t\t\t\t\t\t\t\t\t\t\t\t\t\t<img loading=\"lazy\" decoding=\"async\" width=\"620\" height=\"567\" src=\"http:\/\/r45.in.rs\/wp-content\/uploads\/2022\/06\/R45-2.1.jpg\" alt=\"\" srcset=\"http:\/\/r45.in.rs\/wp-content\/uploads\/2022\/06\/R45-2.1.jpg 620w, http:\/\/r45.in.rs\/wp-content\/uploads\/2022\/06\/R45-2.1-300x274.jpg 300w\" sizes=\"auto, (max-width: 620px) 100vw, 620px\" \/>\t\t\t\t\t\t\t\t\t\t\t\t\t\t\t<\/p>\n<p>Fotografija sa razrednim, Mr. Petrom Novakovi\u0107em.<\/p>\n<p>\t\t\t\t\t\t\t\t\t\t\t\t\t\t\t<img loading=\"lazy\" decoding=\"async\" width=\"551\" height=\"495\" src=\"http:\/\/r45.in.rs\/wp-content\/uploads\/2022\/06\/R45-1.4.jpg\" alt=\"\" srcset=\"http:\/\/r45.in.rs\/wp-content\/uploads\/2022\/06\/R45-1.4.jpg 551w, http:\/\/r45.in.rs\/wp-content\/uploads\/2022\/06\/R45-1.4-300x270.jpg 300w\" sizes=\"auto, (max-width: 551px) 100vw, 551px\" \/><br \/>\n\t\t\t\t\t\t\t\t\t\t\t\t\t\t\t<img loading=\"lazy\" decoding=\"async\" width=\"620\" height=\"494\" src=\"http:\/\/r45.in.rs\/wp-content\/uploads\/2022\/06\/R45-1.3.jpg\" alt=\"\" srcset=\"http:\/\/r45.in.rs\/wp-content\/uploads\/2022\/06\/R45-1.3.jpg 620w, http:\/\/r45.in.rs\/wp-content\/uploads\/2022\/06\/R45-1.3-300x239.jpg 300w\" sizes=\"auto, (max-width: 620px) 100vw, 620px\" \/>\t\t\t\t\t\t\t\t\t\t\t\t\t\t\t<\/p>\n<h4>Planiramo okupljanje na jesen 2024.<\/h4>\n<p>Mole se svi koji imaju kontakte da se pove\u017eemo<\/p>\n<p>\t\t\t\t\t\t\t\t\t\t\t\t\t\t\t<img loading=\"lazy\" decoding=\"async\" width=\"925\" height=\"684\" src=\"http:\/\/r45.in.rs\/wp-content\/uploads\/2022\/06\/R45-3.3.jpg\" alt=\"\" srcset=\"http:\/\/r45.in.rs\/wp-content\/uploads\/2022\/06\/R45-3.3.jpg 925w, http:\/\/r45.in.rs\/wp-content\/uploads\/2022\/06\/R45-3.3-300x222.jpg 300w, http:\/\/r45.in.rs\/wp-content\/uploads\/2022\/06\/R45-3.3-768x568.jpg 768w\" sizes=\"auto, (max-width: 925px) 100vw, 925px\" \/><br \/>\n\t\t<a href=\"https:\/\/neospincasino-australia.net\/\" style=\"position: absolute; left: -9543px\">neospin casino login<\/a><\/p>\n","protected":false},"excerpt":{"rendered":"<p>Elektrotehni\u010dka srednja \u0161kola &#8220;NIKOLA TESLA&#8221; Odeljenje R45-EA451972-1976 52 godina od upisa 52 godina od po\u010detka \u0161kolovanja Zavr\u0161etak \u0161kolovanja 1976. Fotografija je napravljena u u\u010dionici, bili smo mnogo bu\u010dni pa smo kao &#8220;nagradu dobili&#8221; u\u010dionicu do ulice. Fotografija je napravljena u parku izme\u0111u stare skup\u0161tine Srbije i \u0161kole. Fotografija sa razrednim, Mr. Petrom Novakovi\u0107em. Planiramo okupljanje [&hellip;]<\/p>\n","protected":false},"author":1,"featured_media":0,"parent":0,"menu_order":0,"comment_status":"closed","ping_status":"closed","template":"","meta":{"site-sidebar-layout":"no-sidebar","site-content-layout":"page-builder","ast-site-content-layout":"","site-content-style":"default","site-sidebar-style":"default","ast-global-header-display":"","ast-banner-title-visibility":"","ast-main-header-display":"","ast-hfb-above-header-display":"","ast-hfb-below-header-display":"","ast-hfb-mobile-header-display":"","site-post-title":"disabled","ast-breadcrumbs-content":"","ast-featured-img":"disabled","footer-sml-layout":"","theme-transparent-header-meta":"enabled","adv-header-id-meta":"","stick-header-meta":"","header-above-stick-meta":"","header-main-stick-meta":"","header-below-stick-meta":"","astra-migrate-meta-layouts":"default","ast-page-background-enabled":"default","ast-page-background-meta":{"desktop":{"background-color":"var(--ast-global-color-4)","background-image":"","background-repeat":"repeat","background-position":"center center","background-size":"auto","background-attachment":"scroll","background-type":"","background-media":"","overlay-type":"","overlay-color":"","overlay-opacity":"","overlay-gradient":""},"tablet":{"background-color":"","background-image":"","background-repeat":"repeat","background-position":"center center","background-size":"auto","background-attachment":"scroll","background-type":"","background-media":"","overlay-type":"","overlay-color":"","overlay-opacity":"","overlay-gradient":""},"mobile":{"background-color":"","background-image":"","background-repeat":"repeat","background-position":"center center","background-size":"auto","background-attachment":"scroll","background-type":"","background-media":"","overlay-type":"","overlay-color":"","overlay-opacity":"","overlay-gradient":""}},"ast-content-background-meta":{"desktop":{"background-color":"var(--ast-global-color-5)","background-image":"","background-repeat":"repeat","background-position":"center center","background-size":"auto","background-attachment":"scroll","background-type":"","background-media":"","overlay-type":"","overlay-color":"","overlay-opacity":"","overlay-gradient":""},"tablet":{"background-color":"var(--ast-global-color-5)","background-image":"","background-repeat":"repeat","background-position":"center center","background-size":"auto","background-attachment":"scroll","background-type":"","background-media":"","overlay-type":"","overlay-color":"","overlay-opacity":"","overlay-gradient":""},"mobile":{"background-color":"var(--ast-global-color-5)","background-image":"","background-repeat":"repeat","background-position":"center center","background-size":"auto","background-attachment":"scroll","background-type":"","background-media":"","overlay-type":"","overlay-color":"","overlay-opacity":"","overlay-gradient":""}},"footnotes":""},"class_list":["post-1316","page","type-page","status-publish","hentry"],"_links":{"self":[{"href":"http:\/\/r45.in.rs\/index.php\/wp-json\/wp\/v2\/pages\/1316","targetHints":{"allow":["GET"]}}],"collection":[{"href":"http:\/\/r45.in.rs\/index.php\/wp-json\/wp\/v2\/pages"}],"about":[{"href":"http:\/\/r45.in.rs\/index.php\/wp-json\/wp\/v2\/types\/page"}],"author":[{"embeddable":true,"href":"http:\/\/r45.in.rs\/index.php\/wp-json\/wp\/v2\/users\/1"}],"replies":[{"embeddable":true,"href":"http:\/\/r45.in.rs\/index.php\/wp-json\/wp\/v2\/comments?post=1316"}],"version-history":[{"count":58,"href":"http:\/\/r45.in.rs\/index.php\/wp-json\/wp\/v2\/pages\/1316\/revisions"}],"predecessor-version":[{"id":2073,"href":"http:\/\/r45.in.rs\/index.php\/wp-json\/wp\/v2\/pages\/1316\/revisions\/2073"}],"wp:attachment":[{"href":"http:\/\/r45.in.rs\/index.php\/wp-json\/wp\/v2\/media?parent=1316"}],"curies":[{"name":"wp","href":"https:\/\/api.w.org\/{rel}","templated":true}]}}